{"id":7081,"date":"2022-07-03T12:00:54","date_gmt":"2022-07-03T12:00:54","guid":{"rendered":"https:\/\/tabernaramon.com\/?page_id=7081"},"modified":"2022-07-07T00:00:14","modified_gmt":"2022-07-07T00:00:14","slug":"informacion-presupuestaria-y-contable","status":"publish","type":"page","link":"https:\/\/tabernaramon.com\/?page_id=7081","title":{"rendered":"Informaci\u00f3n presupuestaria y contable"},"content":{"rendered":"\n<p>Cuentas Anuales:<br>En cumplimiento con la Ley, esta Entidad, deposita las Cuentas Anuales que constan de Balance, Cuenta de P\u00e9rdidas y Ganancias y Memoria en el Registro Mercantil de Santa Cruz de Tenerife.<br>Toda persona podr\u00e1 solicitar dicha informaci\u00f3n a trav\u00e9s de la web de <a href=\"https:\/\/www.registradores.org\/el-colegio\/registro-mercantil\" target=\"_blank\" rel=\"noreferrer noopener\">Registradores de Espa\u00f1a<\/a>.<\/p>\n\n\n\n<p>Auditor\u00eda de Cuentas:<br>La entidad no realiza auditor\u00eda de cuentas y de fiscalizaci\u00f3n por los \u00f3rganos de control externo atendiendo a las excepciones que se especifican en el art\u00edculo 263 del Real Decreto Legislativo 1\/2010, de 2 de julio, por el que se aprueba el texto refundido de la <a href=\"https:\/\/www.boe.es\/buscar\/act.php?id=BOE-A-2010-10544\" target=\"_blank\" rel=\"noreferrer noopener\">Ley de Sociedades de Capital<\/a>.<\/p>\n","protected":false},"excerpt":{"rendered":"<p>Cuentas Anuales:En cumplimiento con la Ley, esta Entidad, deposita las Cuentas Anuales que constan de Balance, Cuenta de P\u00e9rdidas y Ganancias y Memoria en el Registro Mercantil de Santa Cruz de Tenerife.Toda persona podr\u00e1 solicitar dicha informaci\u00f3n a trav\u00e9s de la web de Registradores de Espa\u00f1a. Auditor\u00eda de Cuentas:La entidad no realiza auditor\u00eda de cuentas &#8230;<\/p>\n","protected":false},"author":1,"featured_media":6904,"parent":0,"menu_order":0,"comment_status":"closed","ping_status":"closed","template":"template-wide-content.php","meta":{"patiotime_single_page_hide_site_header":"","patiotime_single_page_site_header_source":"","patiotime_single_page_custom_site_header":"0","patiotime_single_page_custom_sticky_site_header":"0","patiotime_single_page_hide_page_title":"","patiotime_single_page_header_section_size":"","patiotime_single_page_header_background_color":"","patiotime_single_page_header_background_position_x":"center","patiotime_single_page_header_background_position_y":"center","patiotime_single_page_header_background_size":"cover","patiotime_single_page_header_background_repeat":"off","patiotime_single_page_header_background_scroll":"on","patiotime_single_page_header_text_color":"","patiotime_single_page_header_show_breadcrumb":"","patiotime_single_page_site_footer_hide_main":"","patiotime_single_page_site_footer_hide_above":"","patiotime_single_page_site_footer_hide_instagram":"","patiotime_single_page_site_footer_hide_bottom":"","footnotes":""},"class_list":["post-7081","page","type-page","status-publish","has-post-thumbnail","hentry"],"_links":{"self":[{"href":"https:\/\/tabernaramon.com\/index.php?rest_route=\/wp\/v2\/pages\/7081","targetHints":{"allow":["GET"]}}],"collection":[{"href":"https:\/\/tabernaramon.com\/index.php?rest_route=\/wp\/v2\/pages"}],"about":[{"href":"https:\/\/tabernaramon.com\/index.php?rest_route=\/wp\/v2\/types\/page"}],"author":[{"embeddable":true,"href":"https:\/\/tabernaramon.com\/index.php?rest_route=\/wp\/v2\/users\/1"}],"replies":[{"embeddable":true,"href":"https:\/\/tabernaramon.com\/index.php?rest_route=%2Fwp%2Fv2%2Fcomments&post=7081"}],"version-history":[{"count":5,"href":"https:\/\/tabernaramon.com\/index.php?rest_route=\/wp\/v2\/pages\/7081\/revisions"}],"predecessor-version":[{"id":7236,"href":"https:\/\/tabernaramon.com\/index.php?rest_route=\/wp\/v2\/pages\/7081\/revisions\/7236"}],"wp:featuredmedia":[{"embeddable":true,"href":"https:\/\/tabernaramon.com\/index.php?rest_route=\/wp\/v2\/media\/6904"}],"wp:attachment":[{"href":"https:\/\/tabernaramon.com\/index.php?rest_route=%2Fwp%2Fv2%2Fmedia&parent=7081"}],"curies":[{"name":"wp","href":"https:\/\/api.w.org\/{rel}","templated":true}]}}