{"id":7077,"date":"2022-07-03T11:56:32","date_gmt":"2022-07-03T11:56:32","guid":{"rendered":"https:\/\/tabernaramon.com\/?page_id=7077"},"modified":"2022-07-07T00:06:11","modified_gmt":"2022-07-07T00:06:11","slug":"transparencia-2","status":"publish","type":"page","link":"https:\/\/tabernaramon.com\/?page_id=7077","title":{"rendered":"Transparencia"},"content":{"rendered":"\n<p>Este portal de Transparencia se ha creado siguiendo las indicaciones del <a href=\"https:\/\/www.boe.es\/buscar\/act.php?id=BOE-A-2010-10544\" target=\"_blank\" rel=\"noreferrer noopener\">Comisionado de Transparencia<\/a> del Gobierno de Canarias y en cumplimiento con la Ley 12\/2014, de 26 de diciembre, de transparencia y de acceso a la informaci\u00f3n p\u00fablica del Gobierno de Canarias.<br>A trav\u00e9s de este Portal, podr\u00e1 acceder a la informaci\u00f3n p\u00fablica de esta entidad.<\/p>\n","protected":false},"excerpt":{"rendered":"<p>Este portal de Transparencia se ha creado siguiendo las indicaciones del Comisionado de Transparencia del Gobierno de Canarias y en cumplimiento con la Ley 12\/2014, de 26 de diciembre, de transparencia y de acceso a la informaci\u00f3n p\u00fablica del Gobierno de Canarias.A trav\u00e9s de este Portal, podr\u00e1 acceder a la informaci\u00f3n p\u00fablica de esta entidad.<\/p>\n","protected":false},"author":1,"featured_media":6904,"parent":0,"menu_order":0,"comment_status":"closed","ping_status":"closed","template":"template-wide-content.php","meta":{"patiotime_single_page_hide_site_header":"","patiotime_single_page_site_header_source":"","patiotime_single_page_custom_site_header":"0","patiotime_single_page_custom_sticky_site_header":"0","patiotime_single_page_hide_page_title":"","patiotime_single_page_header_section_size":"","patiotime_single_page_header_background_color":"","patiotime_single_page_header_background_position_x":"center","patiotime_single_page_header_background_position_y":"center","patiotime_single_page_header_background_size":"cover","patiotime_single_page_header_background_repeat":"off","patiotime_single_page_header_background_scroll":"on","patiotime_single_page_header_text_color":"","patiotime_single_page_header_show_breadcrumb":"","patiotime_single_page_site_footer_hide_main":"","patiotime_single_page_site_footer_hide_above":"","patiotime_single_page_site_footer_hide_instagram":"","patiotime_single_page_site_footer_hide_bottom":"","footnotes":""},"class_list":["post-7077","page","type-page","status-publish","has-post-thumbnail","hentry"],"_links":{"self":[{"href":"https:\/\/tabernaramon.com\/index.php?rest_route=\/wp\/v2\/pages\/7077","targetHints":{"allow":["GET"]}}],"collection":[{"href":"https:\/\/tabernaramon.com\/index.php?rest_route=\/wp\/v2\/pages"}],"about":[{"href":"https:\/\/tabernaramon.com\/index.php?rest_route=\/wp\/v2\/types\/page"}],"author":[{"embeddable":true,"href":"https:\/\/tabernaramon.com\/index.php?rest_route=\/wp\/v2\/users\/1"}],"replies":[{"embeddable":true,"href":"https:\/\/tabernaramon.com\/index.php?rest_route=%2Fwp%2Fv2%2Fcomments&post=7077"}],"version-history":[{"count":2,"href":"https:\/\/tabernaramon.com\/index.php?rest_route=\/wp\/v2\/pages\/7077\/revisions"}],"predecessor-version":[{"id":7238,"href":"https:\/\/tabernaramon.com\/index.php?rest_route=\/wp\/v2\/pages\/7077\/revisions\/7238"}],"wp:featuredmedia":[{"embeddable":true,"href":"https:\/\/tabernaramon.com\/index.php?rest_route=\/wp\/v2\/media\/6904"}],"wp:attachment":[{"href":"https:\/\/tabernaramon.com\/index.php?rest_route=%2Fwp%2Fv2%2Fmedia&parent=7077"}],"curies":[{"name":"wp","href":"https:\/\/api.w.org\/{rel}","templated":true}]}}