{"id":7072,"date":"2022-07-03T11:45:28","date_gmt":"2022-07-03T11:45:28","guid":{"rendered":"https:\/\/tabernaramon.com\/?page_id=7072"},"modified":"2022-07-03T12:26:58","modified_gmt":"2022-07-03T12:26:58","slug":"institucional-2","status":"publish","type":"page","link":"https:\/\/tabernaramon.com\/?page_id=7072","title":{"rendered":"Institucional"},"content":{"rendered":"\n<p>Meson Alra SL, conocida como Taberna Ram\u00f3n, es una entidad mercantil, constituida el 2 de Julio de 1992, e inscrita en el Registro Mercantil de Santa Cruz de Tenerife, y su funci\u00f3n es la de Restauraci\u00f3n.<br>Su domicilio social es Rambla de Santa Cruz, 56, 38004 Santa Cruz de Tenerife.<br>El \u00f3rgano de administraci\u00f3n de la sociedad es el de administrador \u00fanico.<\/p>\n","protected":false},"excerpt":{"rendered":"<p>Meson Alra SL, conocida como Taberna Ram\u00f3n, es una entidad mercantil, constituida el 2 de Julio de 1992, e inscrita en el Registro Mercantil de Santa Cruz de Tenerife, y su funci\u00f3n es la de Restauraci\u00f3n.Su domicilio social es Rambla de Santa Cruz, 56, 38004 Santa Cruz de Tenerife.El \u00f3rgano de administraci\u00f3n de la sociedad &#8230;<\/p>\n","protected":false},"author":1,"featured_media":6904,"parent":0,"menu_order":0,"comment_status":"closed","ping_status":"closed","template":"template-wide-content.php","meta":{"patiotime_single_page_hide_site_header":"","patiotime_single_page_site_header_source":"","patiotime_single_page_custom_site_header":"0","patiotime_single_page_custom_sticky_site_header":"0","patiotime_single_page_hide_page_title":"","patiotime_single_page_header_section_size":"","patiotime_single_page_header_background_color":"","patiotime_single_page_header_background_position_x":"center","patiotime_single_page_header_background_position_y":"center","patiotime_single_page_header_background_size":"cover","patiotime_single_page_header_background_repeat":"off","patiotime_single_page_header_background_scroll":"on","patiotime_single_page_header_text_color":"","patiotime_single_page_header_show_breadcrumb":"","patiotime_single_page_site_footer_hide_main":"","patiotime_single_page_site_footer_hide_above":"","patiotime_single_page_site_footer_hide_instagram":"","patiotime_single_page_site_footer_hide_bottom":"","footnotes":""},"class_list":["post-7072","page","type-page","status-publish","has-post-thumbnail","hentry"],"_links":{"self":[{"href":"https:\/\/tabernaramon.com\/index.php?rest_route=\/wp\/v2\/pages\/7072","targetHints":{"allow":["GET"]}}],"collection":[{"href":"https:\/\/tabernaramon.com\/index.php?rest_route=\/wp\/v2\/pages"}],"about":[{"href":"https:\/\/tabernaramon.com\/index.php?rest_route=\/wp\/v2\/types\/page"}],"author":[{"embeddable":true,"href":"https:\/\/tabernaramon.com\/index.php?rest_route=\/wp\/v2\/users\/1"}],"replies":[{"embeddable":true,"href":"https:\/\/tabernaramon.com\/index.php?rest_route=%2Fwp%2Fv2%2Fcomments&post=7072"}],"version-history":[{"count":1,"href":"https:\/\/tabernaramon.com\/index.php?rest_route=\/wp\/v2\/pages\/7072\/revisions"}],"predecessor-version":[{"id":7073,"href":"https:\/\/tabernaramon.com\/index.php?rest_route=\/wp\/v2\/pages\/7072\/revisions\/7073"}],"wp:featuredmedia":[{"embeddable":true,"href":"https:\/\/tabernaramon.com\/index.php?rest_route=\/wp\/v2\/media\/6904"}],"wp:attachment":[{"href":"https:\/\/tabernaramon.com\/index.php?rest_route=%2Fwp%2Fv2%2Fmedia&parent=7072"}],"curies":[{"name":"wp","href":"https:\/\/api.w.org\/{rel}","templated":true}]}}