{"id":6957,"date":"2022-06-28T10:08:57","date_gmt":"2022-06-28T10:08:57","guid":{"rendered":"https:\/\/tabernaramon.com\/?page_id=6957"},"modified":"2022-06-28T14:00:58","modified_gmt":"2022-06-28T14:00:58","slug":"aviso-legal","status":"publish","type":"page","link":"https:\/\/tabernaramon.com\/?page_id=6957","title":{"rendered":"Aviso legal"},"content":{"rendered":"\n<p>En cumplimiento con el deber de informaci\u00f3n recogido en art\u00edculo 10 de la Ley 34\/2002, de 11 de julio, de Servicios de la Sociedad de la Informaci\u00f3n y del Comercio Electr\u00f3nico (LSSICE), el propietario de la web , le informa de lo siguiente:<\/p>\n\n\n\n<p>Denominaci\u00f3n social: Mes\u00f3n Alra, S.L.<\/p>\n\n\n\n<p>NIF: B38299467<\/p>\n\n\n\n<p>Domicilio: Rambla de Santa Cruz n\u00ba 56 &#8211; 38004 \u2013 Santa Cruz De Tenerife (Santa Cruz De Tenerife)<\/p>\n\n\n\n<p>Inscrita en el Registro Mercantil de Tenerife al Tomo 813, folio 200, secci\u00f3n, hoja n\u00famero TF3233, inscripci\u00f3n 1\u00aa<\/p>\n\n\n\n<p>Con los l\u00edmites establecidos en la ley, Mes\u00f3n Alra, S.L. no asume ninguna responsabilidad derivada de la falta de veracidad, integridad, actualizaci\u00f3n y precisi\u00f3n de los datos o informaciones que contienen sus p\u00e1ginas web.<\/p>\n\n\n\n<p>Los contenidos e informaci\u00f3n no vinculan a Mes\u00f3n Alra, S.L. ni constituyen opiniones, consejos o asesoramiento legal de ning\u00fan tipo pues se trata meramente de un servicio ofrecido con car\u00e1cter informativo y divulgativo.<\/p>\n\n\n\n<p>Las p\u00e1ginas de Internet de Mes\u00f3n Alra, S.L. pueden contener enlaces (links) a otras p\u00e1ginas de terceras partes que Mes\u00f3n Alra, S.L. no puede controlar. Por lo tanto, Mes\u00f3n Alra, S.L. no puede asumir responsabilidades por el contenido que pueda aparecer en p\u00e1ginas de terceros.<\/p>\n\n\n\n<p>Los textos, im\u00e1genes, sonidos, animaciones, software y el resto de contenidos incluidos en este website son propiedad exclusiva de Mes\u00f3n Alra, S.L. o sus licenciantes. Cualquier acto de transmisi\u00f3n, distribuci\u00f3n, cesi\u00f3n, reproducci\u00f3n, almacenamiento o comunicaci\u00f3n p\u00fablica total o parcial, deber\u00e1 contar con el consentimiento expreso de Mes\u00f3n Alra, S.L<\/p>\n\n\n\n<p>Asimismo, para acceder a algunos de los servicios que Mes\u00f3n Alra, S.L. ofrece a trav\u00e9s del sitio web, deber\u00e1 proporcionar algunos datos de car\u00e1cter personal. En cumplimiento de lo establecido en el Reglamento (UE) 2016\/679 del Parlamento Europeo y del Consejo, de 27 de abril de 2016, relativo a la protecci\u00f3n de las personas f\u00edsicas en lo que respecta al tratamiento de datos personales y a la libre circulaci\u00f3n de estos datos le informamos que, mediante la cumplimentaci\u00f3n de los presentes formularios, sus datos personales quedar\u00e1n incorporados y ser\u00e1n tratados en los ficheros de Mes\u00f3n Alra, S.L con el fin de poderle prestar y ofrecer nuestros servicios as\u00ed como para informarle de las mejoras del sitio Web.<\/p>\n\n\n\n<p>Le informamos tambi\u00e9n de que tendr\u00e1 la posibilidad en todo momento de ejercer los derechos de acceso, rectificaci\u00f3n, cancelaci\u00f3n, oposici\u00f3n, limitaci\u00f3n y portabilidad de sus datos de car\u00e1cter personal, de manera gratuita mediante email a: administraci\u00f3n@tabernaramon.com o en la direcci\u00f3n: Rambla de Santa Cruz n\u00ba 56 &#8211; 38004 \u2013 Santa Cruz De Tenerife (Santa Cruz De Tenerife)<\/p>\n\n\n\n<p><strong>PROPIEDAD INTELECTUAL E INDUSTRIAL<\/strong><\/p>\n\n\n\n<p>La Web es una obra compuesta de diversos elementos integrados e inseparables (texto, ilustraciones, fotograf\u00edas, im\u00e1genes animadas, v\u00eddeos, programas de ordenador, incluidos los c\u00f3digos html del sitio web, etc.), cuya Propiedad Intelectual le corresponde a EL PROPIETARIO, salvo en lo referente a aquellos materiales obtenidos bajo licencia de terceros.<\/p>\n\n\n\n<p>EL PROPIETARIO y sus licenciantes retienen en todo momento la Propiedad Intelectual sobre la Web y sobre los distintos elementos que la componen, individualmente considerados, en todas las copias que se realicen (cualquiera que sea el soporte al que se incorporen), concediendo sobre los mismos \u00fanicamente los derechos de uso que m\u00e1s adelante se describen. Cualquier derecho que no sea expresamente cedido se entiende reservado.<\/p>\n\n\n\n<p>Adem\u00e1s de lo anterior, EL PROPIETARIO es responsable de la selecci\u00f3n, dise\u00f1o de la estructura y disposici\u00f3n de los contenidos de la Web, as\u00ed como quien ha tomado la iniciativa y asumido el riesgo de efectuar las inversiones sustanciales orientadas a la obtenci\u00f3n, digitalizaci\u00f3n y presentaci\u00f3n de la misma, correspondi\u00e9ndole, por tanto, la protecci\u00f3n que el art\u00edculo 12 y el T\u00edtulo VIII del Libro II de la Ley de Propiedad Intelectual pueda conceder sobre el sitio web, considerado como una base de datos.<\/p>\n\n\n\n<p>EL PROPIETARIO es tambi\u00e9n el \u00fanico due\u00f1o del dise\u00f1o e imagen gr\u00e1fica de la Web, reserv\u00e1ndose las acciones legales pertinentes que le pudieran corresponder contra las personas que realicen imitaciones o usos desleales del mismo.<\/p>\n\n\n\n<p><strong>CONTENIDOS WEB Y DESCARGAS. USOS PERMITIDOS Y PROHIBIDOS.<\/strong><\/p>\n\n\n\n<p><strong>Est\u00e1 permitida:<\/strong><\/p>\n\n\n\n<ul class=\"wp-block-list\"><li>La navegaci\u00f3n por la Web, es decir, el acceso y visualizaci\u00f3n de la misma en un dispositivo, quedando autorizada cualquier reproducci\u00f3n temporal o accesoria, siempre que la misma no sea voluntaria y forme parte integrante y esencial del proceso tecnol\u00f3gico de transmisi\u00f3n. La navegaci\u00f3n por determinadas secciones de la Web requieren el previo registro.<\/li><li>Beneficiarse (previo registro), de los servicios y ventajas prestados por EL PROPIETARIO a trav\u00e9s de la Web a sus usuarios, en las condiciones que se se\u00f1alen expresamente en las distintas secciones.<\/li><\/ul>\n\n\n\n<p><strong>Queda terminantemente prohibido:<\/strong><\/p>\n\n\n\n<ul class=\"wp-block-list\"><li>Cualesquiera operaciones respecto de la Web, sus contenidos, los productos descargados y las copias de todos ellos que sean contrarias a la Ley, las buenas costumbres y la buena fe.<\/li><li>Cualquier utilizaci\u00f3n fuera del \u00e1mbito personal y privado, especialmente aquellas que tengan fines comerciales o profesionales, incluido el env\u00edo de publicidad o mensajes y la recopilaci\u00f3n y tratamiento de datos de terceros.<\/li><li>Cualquier tipo de extracci\u00f3n, comunicaci\u00f3n p\u00fablica y\/o transmisi\u00f3n, total o parcial, por cualquier medio, fuera del \u00e1mbito privado de uso permitido y, especialmente, su incorporaci\u00f3n a cualquier otra obra, incluidas p\u00e1ginas web, colecciones o bases de datos. Se except\u00faa de esta prohibici\u00f3n la publicaci\u00f3n en medios de comunicaci\u00f3n de los materiales susceptibles de descarga de la secci\u00f3n Sala de Prensa.<\/li><li>La remoci\u00f3n, ocultaci\u00f3n o falseamiento de los avisos y advertencias sobre la Propiedad Intelectual o Industrial de la Web o de cualquiera de los productos facilitados a trav\u00e9s de la misma.<\/li><li>Las operaciones y actividades expresamente prohibidas en cualesquiera otras secciones de estas Condiciones Generales y, en general, cualquiera que pueda perjudicar el normal funcionamiento de la Web, a otros usuarios o a cualquier tercero.<\/li><\/ul>\n\n\n\n<p><strong>LINKS A LA WEB<\/strong><\/p>\n\n\n\n<p>Queda autorizado el establecimiento de v\u00ednculos e hiperv\u00ednculos con la Web desde otras p\u00e1ginas o sitios web, siempre que los mismos no se hagan de forma que perjudique la imagen p\u00fablica y de marca de EL PROPIETARIO, de la Web o de cualquiera de las personas y productos a que se haga referencia en la misma. En el establecimiento de v\u00ednculos con la Web queda expresamente prohibida la utilizaci\u00f3n de t\u00e9cnicas que impliquen confusi\u00f3n sobre la identidad y propiedad de los contenidos, tales como el framing u otras.<\/p>\n\n\n\n<p>Queda prohibido el establecimiento de v\u00ednculos desde p\u00e1ginas o sitios web cuyos contenidos promocionen o hagan apolog\u00eda, directa o indirectamente, de cualquier tipo de violencia, discriminaci\u00f3n, pornograf\u00eda o actividad ilegal. Asimismo, queda expresamente prohibido el establecimiento de links con fines mercantiles.<\/p>\n\n\n\n<p>En la creaci\u00f3n de los v\u00ednculos queda expresamente prohibida la utilizaci\u00f3n de elementos extra\u00eddos de la Web, sin el consentimiento previo y expreso de EL PROPIETARIO<\/p>\n\n\n\n<p>En ning\u00fan caso podr\u00e1 entenderse que los v\u00ednculos a la Web desde p\u00e1ginas o sitios web de terceros implican relaciones de EL PROPIETARIO con los titulares de \u00e9stos, ni implica respaldo, patrocinio o recomendaci\u00f3n alguna de EL PROPIETARIO sobre los mismos, por lo que EL PROPIETARIO no ser\u00e1 responsable en absoluto respecto de su contenido y licitud.<\/p>\n\n\n\n<p><strong>CONTENIDOS Y COMPORTAMIENTO DEL USUARIO<\/strong><\/p>\n\n\n\n<p>Como cliente o usuario de la Web, Ud. se compromete a hacer un uso adecuado de los contenidos y servicios ofrecidos a trav\u00e9s de la misma y a no emplearlos para:<\/p>\n\n\n\n<ol class=\"wp-block-list\"><li>Incurrir en actividades il\u00edcitas, ilegales o contrarias a la buena fe y al orden p\u00fablico.<\/li><\/ol>\n\n\n\n<ul class=\"wp-block-list\"><li>Difundir contenidos o propaganda de car\u00e1cter racista, xen\u00f3fobo, pornogr\u00e1fico, que haga apolog\u00eda del terrorismo o que atente contra los derechos humanos.<\/li><li>Provocar da\u00f1os en los sistemas f\u00edsicos y l\u00f3gicos de EL PROPIETARIO, de sus proveedores o de terceras personas, introducir o difundir en la red virus inform\u00e1ticos o cualesquiera otros sistemas f\u00edsicos o l\u00f3gicos que sean susceptibles de provocar los da\u00f1os anteriormente mencionados.<\/li><li>Difundir contenidos que atenten contra la imagen y reputaci\u00f3n de EL PROPIETARIO o de terceros.<\/li><li>Atentar contra los derechos de Propiedad Intelectual, Industrial, de imagen, honor u otros que correspondan a EL PROPIETARIO o a terceros.<\/li><\/ul>\n\n\n\n<p>EL PROPIETARIO tendr\u00e1 plena libertad de decisi\u00f3n sobre si las colaboraciones y mensajes son finalmente publicadas en la Web o no, quedando facultada para retirarlos cuando estime oportuno.<\/p>\n\n\n\n<p>La infracci\u00f3n de cualquiera de las normas contenidas en estas Condiciones de uso y muy especialmente, de lo previsto en la presente cl\u00e1usula, facultar\u00e1 a EL PROPIETARIO para darle de baja de forma inmediata como usuario o suscriptor de la Web.<\/p>\n","protected":false},"excerpt":{"rendered":"<p>En cumplimiento con el deber de informaci\u00f3n recogido en art\u00edculo 10 de la Ley 34\/2002, de 11 de julio, de Servicios de la Sociedad de la Informaci\u00f3n y del Comercio Electr\u00f3nico (LSSICE), el propietario de la web , le informa de lo siguiente: Denominaci\u00f3n social: Mes\u00f3n Alra, S.L. NIF: B38299467 Domicilio: Rambla de Santa Cruz &#8230;<\/p>\n","protected":false},"author":1,"featured_media":6857,"parent":0,"menu_order":0,"comment_status":"closed","ping_status":"closed","template":"template-fullwidth.php","meta":{"patiotime_single_page_hide_site_header":"","patiotime_single_page_site_header_source":"","patiotime_single_page_custom_site_header":"0","patiotime_single_page_custom_sticky_site_header":"0","patiotime_single_page_hide_page_title":"","patiotime_single_page_header_section_size":"","patiotime_single_page_header_background_color":"","patiotime_single_page_header_background_position_x":"center","patiotime_single_page_header_background_position_y":"center","patiotime_single_page_header_background_size":"cover","patiotime_single_page_header_background_repeat":"off","patiotime_single_page_header_background_scroll":"on","patiotime_single_page_header_text_color":"","patiotime_single_page_header_show_breadcrumb":"","patiotime_single_page_site_footer_hide_main":"","patiotime_single_page_site_footer_hide_above":"","patiotime_single_page_site_footer_hide_instagram":"","patiotime_single_page_site_footer_hide_bottom":"","footnotes":""},"class_list":["post-6957","page","type-page","status-publish","has-post-thumbnail","hentry"],"_links":{"self":[{"href":"https:\/\/tabernaramon.com\/index.php?rest_route=\/wp\/v2\/pages\/6957","targetHints":{"allow":["GET"]}}],"collection":[{"href":"https:\/\/tabernaramon.com\/index.php?rest_route=\/wp\/v2\/pages"}],"about":[{"href":"https:\/\/tabernaramon.com\/index.php?rest_route=\/wp\/v2\/types\/page"}],"author":[{"embeddable":true,"href":"https:\/\/tabernaramon.com\/index.php?rest_route=\/wp\/v2\/users\/1"}],"replies":[{"embeddable":true,"href":"https:\/\/tabernaramon.com\/index.php?rest_route=%2Fwp%2Fv2%2Fcomments&post=6957"}],"version-history":[{"count":2,"href":"https:\/\/tabernaramon.com\/index.php?rest_route=\/wp\/v2\/pages\/6957\/revisions"}],"predecessor-version":[{"id":7017,"href":"https:\/\/tabernaramon.com\/index.php?rest_route=\/wp\/v2\/pages\/6957\/revisions\/7017"}],"wp:featuredmedia":[{"embeddable":true,"href":"https:\/\/tabernaramon.com\/index.php?rest_route=\/wp\/v2\/media\/6857"}],"wp:attachment":[{"href":"https:\/\/tabernaramon.com\/index.php?rest_route=%2Fwp%2Fv2%2Fmedia&parent=6957"}],"curies":[{"name":"wp","href":"https:\/\/api.w.org\/{rel}","templated":true}]}}