{"id":6559,"date":"2022-06-22T22:00:08","date_gmt":"2022-06-22T22:00:08","guid":{"rendered":"https:\/\/tabernaramon.com\/?page_id=6559"},"modified":"2022-07-03T20:08:47","modified_gmt":"2022-07-03T20:08:47","slug":"contacto","status":"publish","type":"page","link":"https:\/\/tabernaramon.com\/?page_id=6559","title":{"rendered":"Contacto"},"content":{"rendered":"\t\t<div data-elementor-type=\"wp-page\" data-elementor-id=\"6559\" class=\"elementor elementor-6559\">\n\t\t\t\t\t\t<section class=\"elementor-section elementor-top-section elementor-element elementor-element-800182c elementor-section-boxed elementor-section-height-default elementor-section-height-default\" data-id=\"800182c\" data-element_type=\"section\" data-e-type=\"section\">\n\t\t\t\t\t\t<div class=\"elementor-container elementor-column-gap-default\">\n\t\t\t\t\t<div class=\"elementor-column elementor-col-100 elementor-top-column elementor-element elementor-element-a2df194\" data-id=\"a2df194\" data-element_type=\"column\" data-e-type=\"column\">\n\t\t\t<div class=\"elementor-widget-wrap elementor-element-populated\">\n\t\t\t\t\t\t<div class=\"elementor-element elementor-element-39ac37e elementor-widget elementor-widget-text-editor\" data-id=\"39ac37e\" data-element_type=\"widget\" data-e-type=\"widget\" data-widget_type=\"text-editor.default\">\n\t\t\t\t<div class=\"elementor-widget-container\">\n\t\t\t\t\t\t\t\t\t<p>Contacte con nosotros llamando al tel\u00e9fono<span style=\"font-size: inherit; color: var( --e-global-color-text ); font-family: var( --e-global-typography-text-font-family ), Sans-serif; font-weight: var( --e-global-typography-text-font-weight ); background-color: var(--bg-color);\">&nbsp;&nbsp;<\/span><strong style=\"font-size: inherit; font-family: var( --e-global-typography-text-font-family ), Sans-serif; background-color: var(--bg-color);\">+34 &#8211; 922 241 367<\/strong><\/p>\n<p><!-- \/wp:paragraph --><\/p>\n<p><!-- wp:paragraph --><\/p>\n<p>Escr\u00edbanos y d\u00e9jenos sus comentarios&nbsp; en nuestro correo electr\u00f3nico:&nbsp;<span style=\"background-color: var(--bg-color); font-family: var( --e-global-typography-text-font-family ), Sans-serif; font-size: inherit; font-weight: var( --e-global-typography-text-font-weight );\">administracion@tabernaramon.com<\/span><\/p><p><span style=\"background-color: var(--bg-color); font-family: var( --e-global-typography-text-font-family ), Sans-serif; font-size: inherit; font-weight: var( --e-global-typography-text-font-weight );\"><br><\/span><\/p>\t\t\t\t\t\t\t\t<\/div>\n\t\t\t\t<\/div>\n\t\t\t\t\t<\/div>\n\t\t<\/div>\n\t\t\t\t\t<\/div>\n\t\t<\/section>\n\t\t\t\t<section class=\"elementor-section elementor-top-section elementor-element elementor-element-38d3eb9 elementor-section-boxed elementor-section-height-default elementor-section-height-default\" data-id=\"38d3eb9\" data-element_type=\"section\" data-e-type=\"section\">\n\t\t\t\t\t\t<div class=\"elementor-container elementor-column-gap-default\">\n\t\t\t\t\t<div class=\"elementor-column elementor-col-100 elementor-top-column elementor-element elementor-element-17660b2\" data-id=\"17660b2\" data-element_type=\"column\" data-e-type=\"column\">\n\t\t\t<div class=\"elementor-widget-wrap elementor-element-populated\">\n\t\t\t\t\t\t<div class=\"elementor-element elementor-element-9014738 elementor-shape-rounded elementor-grid-0 e-grid-align-center elementor-widget elementor-widget-social-icons\" data-id=\"9014738\" data-element_type=\"widget\" data-e-type=\"widget\" data-widget_type=\"social-icons.default\">\n\t\t\t\t<div class=\"elementor-widget-container\">\n\t\t\t\t\t\t\t<div class=\"elementor-social-icons-wrapper elementor-grid\" role=\"list\">\n\t\t\t\t\t\t\t<span class=\"elementor-grid-item\" role=\"listitem\">\n\t\t\t\t\t<a class=\"elementor-icon elementor-social-icon elementor-social-icon-facebook elementor-repeater-item-abebdfb\" href=\"https:\/\/www.facebook.com\/tabernaramon.ic\/\" target=\"_blank\">\n\t\t\t\t\t\t<span class=\"elementor-screen-only\">Facebook<\/span>\n\t\t\t\t\t\t<i aria-hidden=\"true\" class=\"fab fa-facebook\"><\/i>\t\t\t\t\t<\/a>\n\t\t\t\t<\/span>\n\t\t\t\t\t\t\t<span class=\"elementor-grid-item\" role=\"listitem\">\n\t\t\t\t\t<a class=\"elementor-icon elementor-social-icon elementor-social-icon-instagram elementor-repeater-item-9f8706d\" href=\"https:\/\/www.instagram.com\/tabernaramon\/\" target=\"_blank\">\n\t\t\t\t\t\t<span class=\"elementor-screen-only\">Instagram<\/span>\n\t\t\t\t\t\t<i aria-hidden=\"true\" class=\"fab fa-instagram\"><\/i>\t\t\t\t\t<\/a>\n\t\t\t\t<\/span>\n\t\t\t\t\t\t\t<span class=\"elementor-grid-item\" role=\"listitem\">\n\t\t\t\t\t<a class=\"elementor-icon elementor-social-icon elementor-social-icon-twitter elementor-repeater-item-2c84173\" href=\"https:\/\/twitter.com\/TabernaRamonTF\" target=\"_blank\">\n\t\t\t\t\t\t<span class=\"elementor-screen-only\">Twitter<\/span>\n\t\t\t\t\t\t<i aria-hidden=\"true\" class=\"fab fa-twitter\"><\/i>\t\t\t\t\t<\/a>\n\t\t\t\t<\/span>\n\t\t\t\t\t\t\t<span class=\"elementor-grid-item\" role=\"listitem\">\n\t\t\t\t\t<a class=\"elementor-icon elementor-social-icon elementor-social-icon- elementor-repeater-item-5c86932\" href=\"https:\/\/www.google.com\/search?q=taberna+ramon+santa+cruz&#038;rlz=1C1CHBD_esES766ES766&#038;oq=taberna&#038;aqs=chrome.1.69i60j69i59l3j69i57j69i60j69i65j69i60.3490j0j7&#038;sourceid=chrome&#038;ie=UTF-8\" target=\"_blank\">\n\t\t\t\t\t\t<span class=\"elementor-screen-only\"><\/span>\n\t\t\t\t\t\t<svg xmlns=\"http:\/\/www.w3.org\/2000\/svg\" xmlns:xlink=\"http:\/\/www.w3.org\/1999\/xlink\" id=\"&#x421;&#x43B;&#x43E;&#x439;_1\" x=\"0px\" y=\"0px\" width=\"136px\" height=\"136px\" viewBox=\"0.325 0.325 136 136\" xml:space=\"preserve\"><rect x=\"0.325\" y=\"0.325\" fill=\"#FFFFFF\" width=\"136\" height=\"136\"><\/rect><g id=\"&#x421;&#x43B;&#x43E;&#x439;_2\"><\/g><image display=\"none\" width=\"1152\" height=\"864\" transform=\"matrix(13.6358 0 0 13.6358 -6437.0176 -4473.4316)\"><\/image><g id=\"&#x421;&#x43B;&#x43E;&#x439;_3\"><\/g><g>\t<g>\t\t<g>\t\t\t<defs>\t\t\t\t<path id=\"SVGID_1_\" d=\"M122.689,58.807h-6.53H94.741H69.12v22.204h30.844c-2.873,14.11-14.889,22.208-30.822,22.208     c-18.807,0-33.957-15.147-33.957-33.954s15.15-33.955,33.957-33.955c8.097,0,15.411,2.874,21.158,7.576l16.717-16.717     C96.83,17.287,83.77,11.802,69.142,11.802c-31.867,0-57.465,25.598-57.465,57.465s25.598,57.465,57.465,57.465     c28.733,0,54.853-20.903,54.853-57.471C123.995,65.866,123.473,62.213,122.689,58.807z\"><\/path>\t\t\t<\/defs>\t\t\t<clipPath id=\"SVGID_2_\">\t\t\t\t<use xlink:href=\"#SVGID_1_\"><\/use>\t\t\t<\/clipPath>\t\t\t<polygon clip-path=\"url(#SVGID_2_)\" fill=\"#FBBC05\" points=\"6.445,103.224 6.445,35.311 50.85,69.267    \"><\/polygon>\t\t<\/g>\t<\/g>\t<g>\t\t<g>\t\t\t<defs>\t\t\t\t<path id=\"SVGID_3_\" d=\"M122.689,58.807h-6.53H94.741H69.12v22.204h30.844c-2.873,14.11-14.889,22.208-30.822,22.208     c-18.807,0-33.957-15.147-33.957-33.954s15.15-33.955,33.957-33.955c8.097,0,15.411,2.874,21.158,7.576l16.717-16.717     C96.83,17.287,83.77,11.802,69.142,11.802c-31.867,0-57.465,25.598-57.465,57.465s25.598,57.465,57.465,57.465     c28.733,0,54.853-20.903,54.853-57.471C123.995,65.866,123.473,62.213,122.689,58.807z\"><\/path>\t\t\t<\/defs>\t\t\t<clipPath id=\"SVGID_4_\">\t\t\t\t<use xlink:href=\"#SVGID_3_\"><\/use>\t\t\t<\/clipPath>\t\t\t<polygon clip-path=\"url(#SVGID_4_)\" fill=\"#EA4335\" points=\"6.445,35.311 50.854,69.267 69.144,53.334 131.839,43.147     131.839,6.57 6.445,6.57    \"><\/polygon>\t\t<\/g>\t<\/g>\t<g>\t\t<g>\t\t\t<defs>\t\t\t\t<path id=\"SVGID_5_\" d=\"M122.689,58.807h-6.53H94.741H69.12v22.204h30.844c-2.873,14.11-14.889,22.208-30.822,22.208     c-18.807,0-33.957-15.147-33.957-33.954s15.15-33.955,33.957-33.955c8.097,0,15.411,2.874,21.158,7.576l16.717-16.717     C96.83,17.287,83.77,11.802,69.142,11.802c-31.867,0-57.465,25.598-57.465,57.465s25.598,57.465,57.465,57.465     c28.733,0,54.853-20.903,54.853-57.471C123.995,65.866,123.473,62.213,122.689,58.807z\"><\/path>\t\t\t<\/defs>\t\t\t<clipPath id=\"SVGID_6_\">\t\t\t\t<use xlink:href=\"#SVGID_5_\"><\/use>\t\t\t<\/clipPath>\t\t\t<polygon clip-path=\"url(#SVGID_6_)\" fill=\"#34A853\" points=\"6.445,103.224 84.811,43.147 105.452,45.759 131.839,6.578     131.839,131.964 6.445,131.964    \"><\/polygon>\t\t<\/g>\t<\/g>\t<g>\t\t<g>\t\t\t<defs>\t\t\t\t<path id=\"SVGID_7_\" d=\"M122.689,58.807h-6.53H94.741H69.12v22.204h30.844c-2.873,14.11-14.889,22.208-30.822,22.208     c-18.807,0-33.957-15.147-33.957-33.954s15.15-33.955,33.957-33.955c8.097,0,15.411,2.874,21.158,7.576l16.717-16.717     C96.83,17.287,83.77,11.802,69.142,11.802c-31.867,0-57.465,25.598-57.465,57.465s25.598,57.465,57.465,57.465     c28.733,0,54.853-20.903,54.853-57.471C123.995,65.866,123.473,62.213,122.689,58.807z\"><\/path>\t\t\t<\/defs>\t\t\t<clipPath id=\"SVGID_8_\">\t\t\t\t<use xlink:href=\"#SVGID_7_\"><\/use>\t\t\t<\/clipPath>\t\t\t<polygon clip-path=\"url(#SVGID_8_)\" fill=\"#4285F4\" points=\"131.839,131.957 50.862,69.267 40.416,61.431 131.839,35.311    \"><\/polygon>\t\t<\/g>\t<\/g><\/g><\/svg>\t\t\t\t\t<\/a>\n\t\t\t\t<\/span>\n\t\t\t\t\t<\/div>\n\t\t\t\t\t\t<\/div>\n\t\t\t\t<\/div>\n\t\t\t\t\t<\/div>\n\t\t<\/div>\n\t\t\t\t\t<\/div>\n\t\t<\/section>\n\t\t\t\t<section class=\"elementor-section elementor-top-section elementor-element elementor-element-8d63653 elementor-section-boxed elementor-section-height-default elementor-section-height-default\" data-id=\"8d63653\" data-element_type=\"section\" data-e-type=\"section\">\n\t\t\t\t\t\t<div class=\"elementor-container elementor-column-gap-default\">\n\t\t\t\t\t<div class=\"elementor-column elementor-col-100 elementor-top-column elementor-element elementor-element-4fcde8f\" data-id=\"4fcde8f\" data-element_type=\"column\" data-e-type=\"column\">\n\t\t\t<div class=\"elementor-widget-wrap\">\n\t\t\t\t\t\t\t<\/div>\n\t\t<\/div>\n\t\t\t\t\t<\/div>\n\t\t<\/section>\n\t\t\t\t<section class=\"elementor-section elementor-top-section elementor-element elementor-element-f386f50 elementor-section-boxed elementor-section-height-default elementor-section-height-default\" data-id=\"f386f50\" data-element_type=\"section\" data-e-type=\"section\">\n\t\t\t\t\t\t<div class=\"elementor-container elementor-column-gap-default\">\n\t\t\t\t\t<div class=\"elementor-column elementor-col-33 elementor-top-column elementor-element elementor-element-7ec548e\" data-id=\"7ec548e\" data-element_type=\"column\" data-e-type=\"column\">\n\t\t\t<div class=\"elementor-widget-wrap elementor-element-populated\">\n\t\t\t\t\t\t<div class=\"elementor-element elementor-element-687ba55 elementor-widget elementor-widget-spacer\" data-id=\"687ba55\" data-element_type=\"widget\" data-e-type=\"widget\" data-widget_type=\"spacer.default\">\n\t\t\t\t<div class=\"elementor-widget-container\">\n\t\t\t\t\t\t\t<div class=\"elementor-spacer\">\n\t\t\t<div class=\"elementor-spacer-inner\"><\/div>\n\t\t<\/div>\n\t\t\t\t\t\t<\/div>\n\t\t\t\t<\/div>\n\t\t\t\t\t<\/div>\n\t\t<\/div>\n\t\t\t\t<div class=\"elementor-column elementor-col-33 elementor-top-column elementor-element elementor-element-bcf8c06\" data-id=\"bcf8c06\" data-element_type=\"column\" data-e-type=\"column\">\n\t\t\t<div class=\"elementor-widget-wrap\">\n\t\t\t\t\t\t\t<\/div>\n\t\t<\/div>\n\t\t\t\t<div class=\"elementor-column elementor-col-33 elementor-top-column elementor-element elementor-element-814bfa8\" data-id=\"814bfa8\" data-element_type=\"column\" data-e-type=\"column\">\n\t\t\t<div class=\"elementor-widget-wrap\">\n\t\t\t\t\t\t\t<\/div>\n\t\t<\/div>\n\t\t\t\t\t<\/div>\n\t\t<\/section>\n\t\t\t\t<\/div>\n\t\t","protected":false},"excerpt":{"rendered":"<p>Contacte con nosotros llamando al tel\u00e9fono&nbsp;&nbsp;+34 &#8211; 922 241 367 Escr\u00edbanos y d\u00e9jenos sus comentarios&nbsp; en nuestro correo electr\u00f3nico:&nbsp;administracion@tabernaramon.com Facebook Instagram Twitter<\/p>\n","protected":false},"author":1,"featured_media":6509,"parent":0,"menu_order":0,"comment_status":"closed","ping_status":"closed","template":"template-fullwidth.php","meta":{"patiotime_single_page_hide_site_header":"","patiotime_single_page_site_header_source":"","patiotime_single_page_custom_site_header":"0","patiotime_single_page_custom_sticky_site_header":"0","patiotime_single_page_hide_page_title":"","patiotime_single_page_header_section_size":"","patiotime_single_page_header_background_color":"","patiotime_single_page_header_background_position_x":"center","patiotime_single_page_header_background_position_y":"center","patiotime_single_page_header_background_size":"cover","patiotime_single_page_header_background_repeat":"off","patiotime_single_page_header_background_scroll":"on","patiotime_single_page_header_text_color":"","patiotime_single_page_header_show_breadcrumb":"","patiotime_single_page_site_footer_hide_main":"","patiotime_single_page_site_footer_hide_above":"","patiotime_single_page_site_footer_hide_instagram":"","patiotime_single_page_site_footer_hide_bottom":"","footnotes":""},"class_list":["post-6559","page","type-page","status-publish","has-post-thumbnail","hentry"],"_links":{"self":[{"href":"https:\/\/tabernaramon.com\/index.php?rest_route=\/wp\/v2\/pages\/6559","targetHints":{"allow":["GET"]}}],"collection":[{"href":"https:\/\/tabernaramon.com\/index.php?rest_route=\/wp\/v2\/pages"}],"about":[{"href":"https:\/\/tabernaramon.com\/index.php?rest_route=\/wp\/v2\/types\/page"}],"author":[{"embeddable":true,"href":"https:\/\/tabernaramon.com\/index.php?rest_route=\/wp\/v2\/users\/1"}],"replies":[{"embeddable":true,"href":"https:\/\/tabernaramon.com\/index.php?rest_route=%2Fwp%2Fv2%2Fcomments&post=6559"}],"version-history":[{"count":74,"href":"https:\/\/tabernaramon.com\/index.php?rest_route=\/wp\/v2\/pages\/6559\/revisions"}],"predecessor-version":[{"id":7182,"href":"https:\/\/tabernaramon.com\/index.php?rest_route=\/wp\/v2\/pages\/6559\/revisions\/7182"}],"wp:featuredmedia":[{"embeddable":true,"href":"https:\/\/tabernaramon.com\/index.php?rest_route=\/wp\/v2\/media\/6509"}],"wp:attachment":[{"href":"https:\/\/tabernaramon.com\/index.php?rest_route=%2Fwp%2Fv2%2Fmedia&parent=6559"}],"curies":[{"name":"wp","href":"https:\/\/api.w.org\/{rel}","templated":true}]}}