{"id":6499,"date":"2022-06-22T18:01:32","date_gmt":"2022-06-22T18:01:32","guid":{"rendered":"https:\/\/tabernaramon.com\/?page_id=6499"},"modified":"2022-07-03T11:34:20","modified_gmt":"2022-07-03T11:34:20","slug":"bienvenidos","status":"publish","type":"page","link":"https:\/\/tabernaramon.com\/","title":{"rendered":"BIENVENIDOS"},"content":{"rendered":"\t\t<div data-elementor-type=\"wp-page\" data-elementor-id=\"6499\" class=\"elementor elementor-6499\">\n\t\t\t\t\t\t<section class=\"elementor-section elementor-top-section elementor-element elementor-element-5470cc9b elementor-section-boxed elementor-section-height-default elementor-section-height-default\" data-id=\"5470cc9b\" data-element_type=\"section\" data-e-type=\"section\">\n\t\t\t\t\t\t<div class=\"elementor-container elementor-column-gap-default\">\n\t\t\t\t\t<div class=\"elementor-column elementor-col-100 elementor-top-column elementor-element elementor-element-df6c2c3\" data-id=\"df6c2c3\" data-element_type=\"column\" data-e-type=\"column\">\n\t\t\t<div class=\"elementor-widget-wrap elementor-element-populated\">\n\t\t\t\t\t\t<div class=\"elementor-element elementor-element-1d6216f6 elementor-widget elementor-widget-text-editor\" data-id=\"1d6216f6\" data-element_type=\"widget\" data-e-type=\"widget\" data-widget_type=\"text-editor.default\">\n\t\t\t\t<div class=\"elementor-widget-container\">\n\t\t\t\t\t\t\t\t\t<h1 style=\"text-align: center;\">Descubre nuestros deliciosos platos de la cocina espa\u00f1ola y canaria en Taberna Ram\u00f3n. Puedes pedir su famoso jam\u00f3n Serrano, queso curado y sus extraordinarias tapas.<\/h1>\n<p><\/p>\n<hr class=\"wp-block-separator has-alpha-channel-opacity\">\n<p><\/p>\n<p><\/p>\n<figure class=\"wp-block-image alignwide size-large\"><img fetchpriority=\"high\" decoding=\"async\" width=\"1024\" height=\"136\" src=\"https:\/\/tabernaramon.com\/wp-content\/uploads\/2022\/06\/RAMON-APAISADA-1024x136.png\" alt=\"\" class=\"wp-image-6790\" srcset=\"https:\/\/tabernaramon.com\/wp-content\/uploads\/2022\/06\/RAMON-APAISADA-1024x136.png 1024w, https:\/\/tabernaramon.com\/wp-content\/uploads\/2022\/06\/RAMON-APAISADA-300x40.png 300w, https:\/\/tabernaramon.com\/wp-content\/uploads\/2022\/06\/RAMON-APAISADA-768x102.png 768w, https:\/\/tabernaramon.com\/wp-content\/uploads\/2022\/06\/RAMON-APAISADA-1536x204.png 1536w, https:\/\/tabernaramon.com\/wp-content\/uploads\/2022\/06\/RAMON-APAISADA-2048x272.png 2048w, https:\/\/tabernaramon.com\/wp-content\/uploads\/2022\/06\/RAMON-APAISADA-1920x255.png 1920w, https:\/\/tabernaramon.com\/wp-content\/uploads\/2022\/06\/RAMON-APAISADA-1440x191.png 1440w, https:\/\/tabernaramon.com\/wp-content\/uploads\/2022\/06\/RAMON-APAISADA-1200x159.png 1200w, https:\/\/tabernaramon.com\/wp-content\/uploads\/2022\/06\/RAMON-APAISADA-780x104.png 780w, https:\/\/tabernaramon.com\/wp-content\/uploads\/2022\/06\/RAMON-APAISADA-600x80.png 600w, https:\/\/tabernaramon.com\/wp-content\/uploads\/2022\/06\/RAMON-APAISADA-550x73.png 550w, https:\/\/tabernaramon.com\/wp-content\/uploads\/2022\/06\/RAMON-APAISADA-370x49.png 370w, https:\/\/tabernaramon.com\/wp-content\/uploads\/2022\/06\/RAMON-APAISADA-255x34.png 255w\" sizes=\"(max-width: 1024px) 100vw, 1024px\" \/><\/figure>\n<p><\/p>\n<h1 class=\"has-text-align-center\">Compru\u00e9belo Usted mismo<\/h1>\n<h1 class=\"has-text-align-center\">En el coraz\u00f3n de Santa Cruz desde 1992. Local familiar con m\u00e1s de 30 a\u00f1os de experiencia.<\/h1>\n<p><\/p>\n<figure class=\"wp-block-image alignwide size-large\"><img decoding=\"async\" width=\"1024\" height=\"136\" src=\"https:\/\/tabernaramon.com\/wp-content\/uploads\/2022\/06\/RAMON-APAISADA-3-1024x136.png\" alt=\"\" class=\"wp-image-6801\" srcset=\"https:\/\/tabernaramon.com\/wp-content\/uploads\/2022\/06\/RAMON-APAISADA-3-1024x136.png 1024w, https:\/\/tabernaramon.com\/wp-content\/uploads\/2022\/06\/RAMON-APAISADA-3-300x40.png 300w, https:\/\/tabernaramon.com\/wp-content\/uploads\/2022\/06\/RAMON-APAISADA-3-768x102.png 768w, https:\/\/tabernaramon.com\/wp-content\/uploads\/2022\/06\/RAMON-APAISADA-3-1536x204.png 1536w, https:\/\/tabernaramon.com\/wp-content\/uploads\/2022\/06\/RAMON-APAISADA-3-2048x272.png 2048w, https:\/\/tabernaramon.com\/wp-content\/uploads\/2022\/06\/RAMON-APAISADA-3-1920x255.png 1920w, https:\/\/tabernaramon.com\/wp-content\/uploads\/2022\/06\/RAMON-APAISADA-3-1440x191.png 1440w, https:\/\/tabernaramon.com\/wp-content\/uploads\/2022\/06\/RAMON-APAISADA-3-1200x159.png 1200w, https:\/\/tabernaramon.com\/wp-content\/uploads\/2022\/06\/RAMON-APAISADA-3-780x104.png 780w, https:\/\/tabernaramon.com\/wp-content\/uploads\/2022\/06\/RAMON-APAISADA-3-600x80.png 600w, https:\/\/tabernaramon.com\/wp-content\/uploads\/2022\/06\/RAMON-APAISADA-3-550x73.png 550w, https:\/\/tabernaramon.com\/wp-content\/uploads\/2022\/06\/RAMON-APAISADA-3-370x49.png 370w, https:\/\/tabernaramon.com\/wp-content\/uploads\/2022\/06\/RAMON-APAISADA-3-255x34.png 255w\" sizes=\"(max-width: 1024px) 100vw, 1024px\" \/><\/figure>\n<p><\/p>\n<p><\/p>\n<hr class=\"wp-block-separator has-alpha-channel-opacity\">\n<p><\/p>\n<h1 class=\"has-text-align-center\">Cada d\u00eda nos esmeramos en ofrecerle una variedad culinaria de Carnes, pescados, mariscos, tapas y nuestra especialidad desde siempre,\u2026.el jam\u00f3n serrano, ib\u00e9rico curado y el queso.<\/h1>\n<h1 class=\"has-text-align-center\">A la par tenemos una de las mejores bodegas de vinos que acompasan nuestros platos.<\/h1>\n<p><\/p>\n<p><!-- \/wp:columns --><\/p>\n<p><!-- wp:separator --><\/p>\n<p><!-- wp:paragraph --><\/p>\n<p><!-- \/wp:paragraph --><\/p>\n<p><!-- wp:spacer {\"height\":\"84px\"} --><\/p>\n<div class=\"wp-block-spacer\" style=\"height: 84px;\" aria-hidden=\"true\">&nbsp;<\/div>\n<p><!-- \/wp:spacer --><\/p>\n<p><!-- wp:columns --><\/p>\n<div class=\"wp-block-columns\"><p><!-- wp:column --><\/p>\n<div class=\"wp-block-column\"><p><!-- wp:buttons {\"align\":\"full\",\"layout\":{\"type\":\"flex\",\"justifyContent\":\"center\"}} --><\/p>\n<div class=\"wp-block-buttons alignfull\"><p><!-- wp:button {\"backgroundColor\":\"luminous-vivid-orange\",\"textColor\":\"white\",\"fontSize\":\"small\"} --><\/p>\n<br><\/div><\/div><div class=\"wp-block-column\"><div class=\"wp-block-buttons\"><p><!-- \/wp:button --><\/p>\n<\/div>\n<p><!-- \/wp:buttons --><\/p>\n<\/div>\n<div class=\"wp-block-column\"><div class=\"wp-block-buttons\"><br><div class=\"wp-block-button has-custom-font-size is-style-fill has-small-font-size\"><\/div><\/div><\/div>\n<\/div>\n<p><!-- \/wp:columns --><\/p>\t\t\t\t\t\t\t\t<\/div>\n\t\t\t\t<\/div>\n\t\t\t\t\t<\/div>\n\t\t<\/div>\n\t\t\t\t\t<\/div>\n\t\t<\/section>\n\t\t\t\t<section class=\"elementor-section elementor-top-section elementor-element elementor-element-91968e5 elementor-section-boxed elementor-section-height-default elementor-section-height-default\" data-id=\"91968e5\" data-element_type=\"section\" data-e-type=\"section\">\n\t\t\t\t\t\t<div class=\"elementor-container elementor-column-gap-default\">\n\t\t\t\t\t<div class=\"elementor-column elementor-col-33 elementor-top-column elementor-element elementor-element-1d12468\" data-id=\"1d12468\" data-element_type=\"column\" data-e-type=\"column\">\n\t\t\t<div class=\"elementor-widget-wrap elementor-element-populated\">\n\t\t\t\t\t\t<div class=\"elementor-element elementor-element-07eea58 elementor-align-center elementor-widget elementor-widget-pt_button\" data-id=\"07eea58\" data-element_type=\"widget\" data-e-type=\"widget\" data-widget_type=\"pt_button.default\">\n\t\t\t\t<div class=\"elementor-widget-container\">\n\t\t\t\t\t        <a href=\"https:\/\/tabernaramon.com\/?page_id=6963\" class=\"elementor-button-link button\" role=\"button\">\n            <span class=\"pt-btn-text\">POL\u00cdTICA DE PRIVACIDAD<\/span>\n        <\/a>\t\t\t\t<\/div>\n\t\t\t\t<\/div>\n\t\t\t\t\t<\/div>\n\t\t<\/div>\n\t\t\t\t<div class=\"elementor-column elementor-col-33 elementor-top-column elementor-element elementor-element-28b3794\" data-id=\"28b3794\" data-element_type=\"column\" data-e-type=\"column\">\n\t\t\t<div class=\"elementor-widget-wrap elementor-element-populated\">\n\t\t\t\t\t\t<div class=\"elementor-element elementor-element-d06fa06 elementor-align-center elementor-widget elementor-widget-pt_button\" data-id=\"d06fa06\" data-element_type=\"widget\" data-e-type=\"widget\" data-widget_type=\"pt_button.default\">\n\t\t\t\t<div class=\"elementor-widget-container\">\n\t\t\t\t\t        <a href=\"https:\/\/tabernaramon.com\/?page_id=6957\" class=\"elementor-button-link button\" role=\"button\">\n            <span class=\"pt-btn-text\">AVISO LEGAL<\/span>\n        <\/a>\t\t\t\t<\/div>\n\t\t\t\t<\/div>\n\t\t\t\t\t<\/div>\n\t\t<\/div>\n\t\t\t\t<div class=\"elementor-column elementor-col-33 elementor-top-column elementor-element elementor-element-08ae3a7\" data-id=\"08ae3a7\" data-element_type=\"column\" data-e-type=\"column\">\n\t\t\t<div class=\"elementor-widget-wrap elementor-element-populated\">\n\t\t\t\t\t\t<div class=\"elementor-element elementor-element-82db960 elementor-align-center elementor-widget elementor-widget-pt_button\" data-id=\"82db960\" data-element_type=\"widget\" data-e-type=\"widget\" data-widget_type=\"pt_button.default\">\n\t\t\t\t<div class=\"elementor-widget-container\">\n\t\t\t\t\t        <a href=\"https:\/\/tabernaramon.com\/?page_id=6960\" class=\"elementor-button-link button\" role=\"button\">\n            <span class=\"pt-btn-text\">POL\u00cdTICA DE COOKIES<\/span>\n        <\/a>\t\t\t\t<\/div>\n\t\t\t\t<\/div>\n\t\t\t\t\t<\/div>\n\t\t<\/div>\n\t\t\t\t\t<\/div>\n\t\t<\/section>\n\t\t\t\t<\/div>\n\t\t","protected":false},"excerpt":{"rendered":"<p>Descubre nuestros deliciosos platos de la cocina espa\u00f1ola y canaria en Taberna Ram\u00f3n. Puedes pedir su famoso jam\u00f3n Serrano, queso curado y sus extraordinarias tapas. Compru\u00e9belo Usted mismo En el coraz\u00f3n de Santa Cruz desde 1992. Local familiar con m\u00e1s de 30 a\u00f1os de experiencia. Cada d\u00eda nos esmeramos en ofrecerle una variedad culinaria de &#8230;<\/p>\n","protected":false},"author":1,"featured_media":6525,"parent":0,"menu_order":0,"comment_status":"closed","ping_status":"closed","template":"template-fullwidth.php","meta":{"patiotime_single_page_hide_site_header":"","patiotime_single_page_site_header_source":"","patiotime_single_page_custom_site_header":"0","patiotime_single_page_custom_sticky_site_header":"0","patiotime_single_page_hide_page_title":"","patiotime_single_page_header_section_size":"","patiotime_single_page_header_background_color":"","patiotime_single_page_header_background_position_x":"center","patiotime_single_page_header_background_position_y":"center","patiotime_single_page_header_background_size":"cover","patiotime_single_page_header_background_repeat":"off","patiotime_single_page_header_background_scroll":"off","patiotime_single_page_header_text_color":"","patiotime_single_page_header_show_breadcrumb":"","patiotime_single_page_site_footer_hide_main":"on","patiotime_single_page_site_footer_hide_above":"on","patiotime_single_page_site_footer_hide_instagram":"on","patiotime_single_page_site_footer_hide_bottom":"on","footnotes":""},"class_list":["post-6499","page","type-page","status-publish","has-post-thumbnail","hentry"],"_links":{"self":[{"href":"https:\/\/tabernaramon.com\/index.php?rest_route=\/wp\/v2\/pages\/6499","targetHints":{"allow":["GET"]}}],"collection":[{"href":"https:\/\/tabernaramon.com\/index.php?rest_route=\/wp\/v2\/pages"}],"about":[{"href":"https:\/\/tabernaramon.com\/index.php?rest_route=\/wp\/v2\/types\/page"}],"author":[{"embeddable":true,"href":"https:\/\/tabernaramon.com\/index.php?rest_route=\/wp\/v2\/users\/1"}],"replies":[{"embeddable":true,"href":"https:\/\/tabernaramon.com\/index.php?rest_route=%2Fwp%2Fv2%2Fcomments&post=6499"}],"version-history":[{"count":205,"href":"https:\/\/tabernaramon.com\/index.php?rest_route=\/wp\/v2\/pages\/6499\/revisions"}],"predecessor-version":[{"id":7067,"href":"https:\/\/tabernaramon.com\/index.php?rest_route=\/wp\/v2\/pages\/6499\/revisions\/7067"}],"wp:featuredmedia":[{"embeddable":true,"href":"https:\/\/tabernaramon.com\/index.php?rest_route=\/wp\/v2\/media\/6525"}],"wp:attachment":[{"href":"https:\/\/tabernaramon.com\/index.php?rest_route=%2Fwp%2Fv2%2Fmedia&parent=6499"}],"curies":[{"name":"wp","href":"https:\/\/api.w.org\/{rel}","templated":true}]}}